{"id":624,"date":"2023-08-30T23:20:33","date_gmt":"2023-08-30T21:20:33","guid":{"rendered":"http:\/\/museumsverein-korneuburg.at\/Wordpress\/?page_id=624"},"modified":"2023-12-14T18:26:23","modified_gmt":"2023-12-14T17:26:23","slug":"industriekultur-im-dialog","status":"publish","type":"page","link":"http:\/\/museumsverein-korneuburg.at\/Wordpress\/industriekultur-im-dialog\/","title":{"rendered":"Industriekultur im Dialog"},"content":{"rendered":"\n<div class=\"wp-block-cover\"><span aria-hidden=\"true\" class=\"wp-block-cover__background has-background-dim\"><\/span><img loading=\"lazy\" decoding=\"async\" width=\"2560\" height=\"1702\" class=\"wp-block-cover__image-background wp-image-696\" alt=\"\" src=\"http:\/\/museumsverein-korneuburg.at\/Wordpress\/wp-content\/uploads\/2023\/12\/SK20011-scaled.jpg\" data-object-fit=\"cover\" srcset=\"http:\/\/museumsverein-korneuburg.at\/Wordpress\/wp-content\/uploads\/2023\/12\/SK20011-scaled.jpg 2560w, http:\/\/museumsverein-korneuburg.at\/Wordpress\/wp-content\/uploads\/2023\/12\/SK20011-300x199.jpg 300w, http:\/\/museumsverein-korneuburg.at\/Wordpress\/wp-content\/uploads\/2023\/12\/SK20011-1024x681.jpg 1024w, http:\/\/museumsverein-korneuburg.at\/Wordpress\/wp-content\/uploads\/2023\/12\/SK20011-768x510.jpg 768w, http:\/\/museumsverein-korneuburg.at\/Wordpress\/wp-content\/uploads\/2023\/12\/SK20011-1536x1021.jpg 1536w, http:\/\/museumsverein-korneuburg.at\/Wordpress\/wp-content\/uploads\/2023\/12\/SK20011-2048x1361.jpg 2048w\" sizes=\"auto, (max-width: 2560px) 100vw, 2560px\" \/><div class=\"wp-block-cover__inner-container is-layout-constrained wp-block-cover-is-layout-constrained\">\n<p class=\"has-text-align-center has-large-font-size\">Sammlungsaufruf zum Forschungsprojekt<\/p>\n<\/div><\/div>\n\n\n\n<div class=\"wp-block-columns alignfull is-layout-flex wp-container-core-columns-is-layout-9d6595d7 wp-block-columns-is-layout-flex\">\n<div class=\"wp-block-column is-layout-flow wp-block-column-is-layout-flow\" style=\"flex-basis:50%\">\n<figure class=\"wp-block-image size-large\"><img loading=\"lazy\" decoding=\"async\" width=\"660\" height=\"1024\" src=\"http:\/\/museumsverein-korneuburg.at\/Wordpress\/wp-content\/uploads\/2023\/12\/Sk00034-2-660x1024.jpg\" alt=\"\" class=\"wp-image-704\" srcset=\"http:\/\/museumsverein-korneuburg.at\/Wordpress\/wp-content\/uploads\/2023\/12\/Sk00034-2-660x1024.jpg 660w, http:\/\/museumsverein-korneuburg.at\/Wordpress\/wp-content\/uploads\/2023\/12\/Sk00034-2-193x300.jpg 193w, http:\/\/museumsverein-korneuburg.at\/Wordpress\/wp-content\/uploads\/2023\/12\/Sk00034-2-768x1191.jpg 768w, http:\/\/museumsverein-korneuburg.at\/Wordpress\/wp-content\/uploads\/2023\/12\/Sk00034-2-991x1536.jpg 991w, http:\/\/museumsverein-korneuburg.at\/Wordpress\/wp-content\/uploads\/2023\/12\/Sk00034-2-1321x2048.jpg 1321w, http:\/\/museumsverein-korneuburg.at\/Wordpress\/wp-content\/uploads\/2023\/12\/Sk00034-2-scaled.jpg 1651w\" sizes=\"auto, (max-width: 660px) 100vw, 660px\" \/><figcaption class=\"wp-element-caption\">Werkst\u00fcck aus der Lehrwerkst\u00e4tte<\/figcaption><\/figure>\n<\/div>\n\n\n\n<div class=\"wp-block-column is-vertically-aligned-center is-layout-flow wp-block-column-is-layout-flow\" style=\"padding-top:1em;padding-right:1em;padding-bottom:1em;padding-left:1em\">\n<div class=\"wp-block-columns is-layout-flex wp-container-core-columns-is-layout-9d6595d7 wp-block-columns-is-layout-flex\">\n<div class=\"wp-block-column is-layout-flow wp-block-column-is-layout-flow\" style=\"flex-basis:320px\">\n<p class=\"has-medium-font-size\" style=\"line-height:1.6\"><strong>Sie haben Objekte, die mit der Lehrwerkst\u00e4tte der alten Schiffswerft Korneuburg in Verbindung stehen?<\/strong><\/p>\n\n\n\n<p style=\"font-size:18px\">Das Stadtmuseum Korneuburg hat nach der Schlie\u00dfung der Schiffswerft Korneuburg im Jahr 1993 gro\u00dfe Teile des Archivs \u00fcbernommen. Im Rahmen des neuen \u201e100 Jahre Nieder\u00f6sterreich\u201c-Projekts <a href=\"https:\/\/www.donau-uni.ac.at\/de\/universitaet\/fakultaeten\/bildung-kunst-architektur\/departments\/kunst-kulturwissenschaften\/zentren\/kulturen-und-technologien-des-sammelns\/forschung\/industriekultur-im-dialog-grundlagenforschung-zur-lehrwerkstaette-der-alten-werft-korneuburg.htm\">\u201eIndustriekultur im Dialog\u201c<\/a> wird in Kooperation mit der Universit\u00e4t f\u00fcr Weiterbildung Krems nun ein besonderer Teil der Sammlung aufgearbeitet \u2013 die Objekte, Fotos und Dokumente der Lehrwerkst\u00e4tte. Hierf\u00fcr suchen wir noch Ihre Objekte und Ihre Geschichten!<\/p>\n<\/div>\n<\/div>\n<\/div>\n<\/div>\n\n\n\n<div class=\"wp-block-columns is-layout-flex wp-container-core-columns-is-layout-9d6595d7 wp-block-columns-is-layout-flex\">\n<div class=\"wp-block-column is-layout-flow wp-block-column-is-layout-flow\">\n<p style=\"font-size:18px\">Wir freuen uns auf Hinweise auf weitere Objekte aller Art. Zum Beispiel Lehrwerkst\u00fccke, Werkstattwochenb\u00fccher, Lehrzeugnisse, Urkunden, Fotos und Einblicke in den Lehrlingsalltag, Werkzeug, wie Stockscheren, Ambosse, Zangen oder pers\u00f6nliche Erinnerungsst\u00fccke aus der Lehrzeit in der Werft.<\/p>\n\n\n\n<p style=\"font-size:18px\">Die Objekte und Ihre Geschichten werden digital dokumentiert, in einigen F\u00e4llen ist eine Aufnahme in die Sammlung des Museums m\u00f6glich.<\/p>\n<\/div>\n\n\n\n<div class=\"wp-block-column is-layout-flow wp-block-column-is-layout-flow\">\n<p style=\"font-size:18px\">Bitte nutzen Sie den Dokumentationsbogen auf unserer Website (untenstehend) und schicken Sie diesen an <a href=\"mailto:industriekultur@stadtmuseum-korneuburg.at\">industriekultur@stadtmuseum-korneuburg.at<\/a> oder kommen Sie an einem unserer \u201eSammlungstage\u201d im Stadtmuseum Korneuburg vorbei.<\/p>\n<\/div>\n<\/div>\n\n\n\n<div class=\"wp-block-columns is-layout-flex wp-container-core-columns-is-layout-9d6595d7 wp-block-columns-is-layout-flex\">\n<div class=\"wp-block-column is-layout-flow wp-block-column-is-layout-flow\">\n<h2 class=\"wp-block-heading\">Sammlungstage f\u00fcr &#8222;Industriekultur im Dialog&#8220;<\/h2>\n\n\n\n<p style=\"font-size:18px\">An den folgenden Terminen erwarten wir Sie gerne mit Ihren Objekten und Dokumenten aus der ehemaligen Lehrwerkst\u00e4tte der Schiffswerft Korneuburg, dokumentieren Ihre Geschichten und geben wissenschaftliche Auskunft zu Ihren Objekten:<\/p>\n\n\n\n<p style=\"font-size:18px\"><strong>Sonntag, 21. J\u00e4nner 2024, von 09:00-12:00 Uhr<\/strong><br><strong>Mittwoch, 21. Februar 2024, von 14:00-17:00 Uhr<\/strong><\/p>\n\n\n\n<p style=\"font-size:18px\">Vielen Dank f\u00fcr Ihre Unterst\u00fctzung!<\/p>\n<\/div>\n\n\n\n<div class=\"wp-block-column is-layout-flow wp-block-column-is-layout-flow\">\n<figure class=\"wp-block-image size-large\"><img loading=\"lazy\" decoding=\"async\" width=\"735\" height=\"1024\" src=\"http:\/\/museumsverein-korneuburg.at\/Wordpress\/wp-content\/uploads\/2023\/12\/Historisches-Wappen-DDSG-1855-bearb-B-735x1024.jpg\" alt=\"\" class=\"wp-image-698\" srcset=\"http:\/\/museumsverein-korneuburg.at\/Wordpress\/wp-content\/uploads\/2023\/12\/Historisches-Wappen-DDSG-1855-bearb-B-735x1024.jpg 735w, http:\/\/museumsverein-korneuburg.at\/Wordpress\/wp-content\/uploads\/2023\/12\/Historisches-Wappen-DDSG-1855-bearb-B-215x300.jpg 215w, http:\/\/museumsverein-korneuburg.at\/Wordpress\/wp-content\/uploads\/2023\/12\/Historisches-Wappen-DDSG-1855-bearb-B-768x1070.jpg 768w, http:\/\/museumsverein-korneuburg.at\/Wordpress\/wp-content\/uploads\/2023\/12\/Historisches-Wappen-DDSG-1855-bearb-B-1103x1536.jpg 1103w, http:\/\/museumsverein-korneuburg.at\/Wordpress\/wp-content\/uploads\/2023\/12\/Historisches-Wappen-DDSG-1855-bearb-B-1470x2048.jpg 1470w, http:\/\/museumsverein-korneuburg.at\/Wordpress\/wp-content\/uploads\/2023\/12\/Historisches-Wappen-DDSG-1855-bearb-B-scaled.jpg 1838w\" sizes=\"auto, (max-width: 735px) 100vw, 735px\" \/><figcaption class=\"wp-element-caption\">Historisches Wappen der DDSG, 1855<\/figcaption><\/figure>\n<\/div>\n<\/div>\n\n\n\n<h2 class=\"wp-block-heading\">Dokumentationsbogen zum Sammlungsaufruf<\/h2>\n\n\n\n<div class=\"wp-block-file has-white-background-color has-background\"><a id=\"wp-block-file--media-b791dde6-9de2-4f9b-815f-d745bd628eac\" href=\"http:\/\/museumsverein-korneuburg.at\/Wordpress\/wp-content\/uploads\/2023\/12\/20231206_Industriekultur-im-Dialog_Objekterfassungsbogen.pdf\" target=\"_blank\" rel=\"noreferrer noopener\">20231206_Industriekultur-im-Dialog_Objekterfassungsbogen<\/a><a href=\"http:\/\/museumsverein-korneuburg.at\/Wordpress\/wp-content\/uploads\/2023\/12\/20231206_Industriekultur-im-Dialog_Objekterfassungsbogen.pdf\" class=\"wp-block-file__button wp-element-button\" download aria-describedby=\"wp-block-file--media-b791dde6-9de2-4f9b-815f-d745bd628eac\">Herunterladen<\/a><\/div>\n\n\n\n<p style=\"font-size:18px\">Dokumentationsbogen herunterladen, ausf\u00fcllen und per Email an: <a href=\"mailto:industriekultur@stadtmuseum-korneuburg.at\" target=\"_blank\" rel=\"noreferrer noopener\">industriekultur@stadtmuseum-korneuburg.at<\/a> senden.<\/p>\n\n\n\n<p style=\"font-size:18px\">Vielen Dank!<\/p>\n\n\n\n<div style=\"height:39px\" aria-hidden=\"true\" class=\"wp-block-spacer\"><\/div>\n\n\n\n<hr class=\"wp-block-separator has-alpha-channel-opacity\"\/>\n\n\n\n<div class=\"wp-block-group alignfull has-background\" style=\"background-color:#f2f0e9\"><div class=\"wp-block-group__inner-container is-layout-flow wp-block-group-is-layout-flow\">\n<div style=\"height:70px\" aria-hidden=\"true\" class=\"wp-block-spacer\"><\/div>\n\n\n\n<div class=\"wp-block-columns alignwide are-vertically-aligned-center is-layout-flex wp-container-core-columns-is-layout-9d6595d7 wp-block-columns-is-layout-flex\">\n<div class=\"wp-block-column is-layout-flow wp-block-column-is-layout-flow\" style=\"flex-basis:50%\">\n<p class=\"has-text-color\" style=\"color:#000000;font-size:30px;line-height:1.1\">Grundlagenforschung zur Lehrwerkst\u00e4tte der Alten Werft Korneuburg<\/p>\n<\/div>\n\n\n\n<div class=\"wp-block-column is-layout-flow wp-block-column-is-layout-flow\" style=\"flex-basis:50%\">\n<hr class=\"wp-block-separator has-text-color has-css-opacity has-background is-style-wide\" style=\"background-color:#000000;color:#000000\"\/>\n<\/div>\n<\/div>\n\n\n\n<div class=\"wp-block-columns alignwide is-layout-flex wp-container-core-columns-is-layout-9d6595d7 wp-block-columns-is-layout-flex\">\n<div class=\"wp-block-column is-layout-flow wp-block-column-is-layout-flow\">\n<figure class=\"wp-block-image size-full\"><img loading=\"lazy\" decoding=\"async\" width=\"665\" height=\"240\" src=\"http:\/\/museumsverein-korneuburg.at\/Wordpress\/wp-content\/uploads\/2023\/08\/UWK-Logo_bearb.jpg\" alt=\"\" class=\"wp-image-631\" srcset=\"http:\/\/museumsverein-korneuburg.at\/Wordpress\/wp-content\/uploads\/2023\/08\/UWK-Logo_bearb.jpg 665w, http:\/\/museumsverein-korneuburg.at\/Wordpress\/wp-content\/uploads\/2023\/08\/UWK-Logo_bearb-300x108.jpg 300w\" sizes=\"auto, (max-width: 665px) 100vw, 665px\" \/><\/figure>\n\n\n\n<p style=\"font-size:14px\">Ein Projekt der<a href=\"https:\/\/www.donau-uni.ac.at\/de\/universitaet\/fakultaeten\/bildung-kunst-architektur\/departments\/kunst-kulturwissenschaften\/zentren\/kulturen-und-technologien-des-sammelns\/forschung\/industriekultur-im-dialog-grundlagenforschung-zur-lehrwerkstaette-der-alten-werft-korneuburg.htm\" data-type=\"URL\" data-id=\"https:\/\/www.donau-uni.ac.at\/de\/universitaet\/fakultaeten\/bildung-kunst-architektur\/departments\/kunst-kulturwissenschaften\/zentren\/kulturen-und-technologien-des-sammelns\/forschung\/industriekultur-im-dialog-grundlagenforschung-zur-lehrwerkstaette-der-alten-werft-korneuburg.htm\"> Universit\u00e4t f\u00fcr Weiterbildung Krems <\/a>in Kooperation mit dem Museumsverein Korneuburg. Projektpartner ist die <a href=\"https:\/\/www.hak-korneuburg.at\/\" data-type=\"URL\" data-id=\"https:\/\/www.hak-korneuburg.at\/\">BHAK Korneuburg<\/a>.<\/p>\n\n\n\n<p><em>Sept. 2023<\/em><\/p>\n<\/div>\n\n\n\n<div class=\"wp-block-column is-layout-flow wp-block-column-is-layout-flow\">\n<p class=\"has-text-color has-extra-small-font-size\" style=\"color:#000000\">Die ehemalige Schiffswerft Korneuburg pr\u00e4gt seit 1852 das Bild und ein St\u00fcck weit auch die Identit\u00e4t der Stadt. Sie geh\u00f6rt zu den bedeutendsten industriekulturellen St\u00e4tten in Nieder\u00f6sterreich und war insbesondere in der Zeit ab der Gr\u00fcndung des Bundeslandes neben der Linzer Werft die gr\u00f6\u00dfte Werftanlage \u00d6sterreichs mit internationaler Reichweite.<\/p>\n\n\n\n<p class=\"has-text-color has-extra-small-font-size\" style=\"color:#000000\">Eine st\u00e4dtebauliche Neuordnung des Industriegebietes ist im Gange, ein kleiner Teil der Alten Werft steht unter Denkmalschutz. Bis auf eine Diplomarbeit (Wunderl 2008) gibt es keine tiefergehende Forschung zur Werftgeschichte.<\/p>\n\n\n\n<p class=\"has-text-color has-extra-small-font-size\" style=\"color:#000000\">Viele Objekte und Dokumente, die mit der Werft in Zusammenhang stehen, haben ihren Weg in das Stadtmuseum gefunden; die umfangreiche Sammlung von Schiffsmodellen, Textilien, technische Ger\u00e4ten, Fotos und Urkunden wurde erst zu kleinen Teilen von den ehrenamtlichen Mitarbeiter:innen des Stadtmuseums n\u00e4her erfasst. Es fehlen insbesondere strukturierte Interviews mit Zeitzeug:innen, v. a. ehemaligen \u201eWerflter:nnen\u201c, die nicht nur aus technischer, sondern auch aus gesellschaftshistorischer Sicht wichtige Informationen zu den Sammlungsgegenst\u00e4nden, dem Werft-Leben als wichtigem Kontext und dessen Auswirkungen bis heute liefern k\u00f6nnen. <\/p>\n<\/div>\n\n\n\n<div class=\"wp-block-column is-layout-flow wp-block-column-is-layout-flow\">\n<p class=\"has-text-color has-extra-small-font-size\" style=\"color:#000000\">Aufgrund des gro\u00dfen Bestands fokussieren wir nur einen kleinen, historisch jedoch pr\u00e4genden Teil des Werft-Lebens in Korneuburg: Die Lehrwerkst\u00e4tte.<\/p>\n\n\n\n<p class=\"has-text-color has-extra-small-font-size\" style=\"color:#000000\">Durch einen intergenerativen, dialogbasierten Citizen Science-Ansatz werden Korneuburger Jugendliche gemeinsam mit den Zeitzeug:innen weitere Aspekte zu den Objekten erforschen. Ziel des Grundlagenprojekts ist die sammlungswissenschaftliche Erschlie\u00dfung relevanter Objekte zur Alten Schiffswerft und besonders der Lehrwerkst\u00e4tte und deren Anreicherung durch Zeitzeug:inneninterviews und Erkenntnisse aus den intergenerativen Workshops. Die Ergebnisse sollen im Hinblick auf die historische und identit\u00e4tsstiftende Bedeutung der Lehrwerkst\u00e4tte und Alten Werft ausgewertet und f\u00fcr die weitere Forschung zur Verf\u00fcgung gestellt werden.<\/p>\n\n\n\n<div style=\"height:10px\" aria-hidden=\"true\" class=\"wp-block-spacer\"><\/div>\n\n\n\n<hr class=\"wp-block-separator has-alpha-channel-opacity\"\/>\n\n\n\n<div style=\"height:10px\" aria-hidden=\"true\" class=\"wp-block-spacer\"><\/div>\n\n\n\n<p style=\"font-size:14px\">WISSENSCHSFTLICHE PROJEKTLEITUNG<br>Univ.-Prof. Dr. Anja Grebe,<br><em>Universit\u00e4t f\u00fcr Weiterbildung Krems<\/em><\/p>\n\n\n\n<p style=\"font-size:14px\">WISSENSCHAFTLICHE CO-PROJEKTLEITUNG<br>Dr. Hanna Brinkmann,<br><em>Universit\u00e4t f\u00fcr Weiterbildung Krems<\/em><\/p>\n\n\n\n<p style=\"font-size:14px\">PROJEKTMITARBEIT<br>Mag. Katja Brunn, BA,<br><em>Universit\u00e4t f\u00fcr Weiterbildung Krems,<br>Museumsverein Korneuburg<\/em><br>Mag. Melanie N. Lopin,<br><em>Museumsverein Korneuburg<\/em><br>Ing. Otto Pacher,<br><em>Museumsverein Korneuburg<\/em><br>Mag. Karin Fidler<br><em>BHAK Korneuburg<\/em><\/p>\n<\/div>\n<\/div>\n\n\n\n<div style=\"height:40px\" aria-hidden=\"true\" class=\"wp-block-spacer\"><\/div>\n\n\n\n<figure class=\"wp-block-gallery has-nested-images columns-default is-cropped wp-block-gallery-1 is-layout-flex wp-block-gallery-is-layout-flex\">\n<figure class=\"wp-block-image size-large\"><img loading=\"lazy\" decoding=\"async\" width=\"769\" height=\"516\" data-id=\"626\" src=\"http:\/\/museumsverein-korneuburg.at\/Wordpress\/wp-content\/uploads\/2023\/08\/1938-1939-Mueller-Alfred-bearb-1.jpg\" alt=\"\" class=\"wp-image-626\" srcset=\"http:\/\/museumsverein-korneuburg.at\/Wordpress\/wp-content\/uploads\/2023\/08\/1938-1939-Mueller-Alfred-bearb-1.jpg 769w, http:\/\/museumsverein-korneuburg.at\/Wordpress\/wp-content\/uploads\/2023\/08\/1938-1939-Mueller-Alfred-bearb-1-300x201.jpg 300w\" sizes=\"auto, (max-width: 769px) 100vw, 769px\" \/><\/figure>\n\n\n\n<figure class=\"wp-block-image size-large\"><img loading=\"lazy\" decoding=\"async\" width=\"1024\" height=\"754\" data-id=\"627\" src=\"http:\/\/museumsverein-korneuburg.at\/Wordpress\/wp-content\/uploads\/2023\/08\/Schiffsschmiede-24-09-1920-1024x754.jpeg\" alt=\"\" class=\"wp-image-627\" srcset=\"http:\/\/museumsverein-korneuburg.at\/Wordpress\/wp-content\/uploads\/2023\/08\/Schiffsschmiede-24-09-1920-1024x754.jpeg 1024w, http:\/\/museumsverein-korneuburg.at\/Wordpress\/wp-content\/uploads\/2023\/08\/Schiffsschmiede-24-09-1920-300x221.jpeg 300w, http:\/\/museumsverein-korneuburg.at\/Wordpress\/wp-content\/uploads\/2023\/08\/Schiffsschmiede-24-09-1920-768x566.jpeg 768w, http:\/\/museumsverein-korneuburg.at\/Wordpress\/wp-content\/uploads\/2023\/08\/Schiffsschmiede-24-09-1920-1536x1131.jpeg 1536w, http:\/\/museumsverein-korneuburg.at\/Wordpress\/wp-content\/uploads\/2023\/08\/Schiffsschmiede-24-09-1920-2048x1508.jpeg 2048w\" sizes=\"auto, (max-width: 1024px) 100vw, 1024px\" \/><\/figure>\n\n\n\n<figure class=\"wp-block-image size-large\"><img loading=\"lazy\" decoding=\"async\" width=\"1024\" height=\"662\" data-id=\"628\" src=\"http:\/\/museumsverein-korneuburg.at\/Wordpress\/wp-content\/uploads\/2023\/08\/Schiffszimmerleute-ca-1910-1024x662.jpg\" alt=\"\" class=\"wp-image-628\" srcset=\"http:\/\/museumsverein-korneuburg.at\/Wordpress\/wp-content\/uploads\/2023\/08\/Schiffszimmerleute-ca-1910-1024x662.jpg 1024w, http:\/\/museumsverein-korneuburg.at\/Wordpress\/wp-content\/uploads\/2023\/08\/Schiffszimmerleute-ca-1910-300x194.jpg 300w, http:\/\/museumsverein-korneuburg.at\/Wordpress\/wp-content\/uploads\/2023\/08\/Schiffszimmerleute-ca-1910-768x496.jpg 768w, http:\/\/museumsverein-korneuburg.at\/Wordpress\/wp-content\/uploads\/2023\/08\/Schiffszimmerleute-ca-1910.jpg 1306w\" sizes=\"auto, (max-width: 1024px) 100vw, 1024px\" \/><\/figure>\n\n\n\n<figure class=\"wp-block-image size-large\"><img loading=\"lazy\" decoding=\"async\" width=\"1019\" height=\"757\" data-id=\"629\" src=\"http:\/\/museumsverein-korneuburg.at\/Wordpress\/wp-content\/uploads\/2023\/08\/Lehrwerkstaette-Schweissraum-1941.jpg\" alt=\"\" class=\"wp-image-629\" srcset=\"http:\/\/museumsverein-korneuburg.at\/Wordpress\/wp-content\/uploads\/2023\/08\/Lehrwerkstaette-Schweissraum-1941.jpg 1019w, http:\/\/museumsverein-korneuburg.at\/Wordpress\/wp-content\/uploads\/2023\/08\/Lehrwerkstaette-Schweissraum-1941-300x223.jpg 300w, http:\/\/museumsverein-korneuburg.at\/Wordpress\/wp-content\/uploads\/2023\/08\/Lehrwerkstaette-Schweissraum-1941-768x571.jpg 768w\" sizes=\"auto, (max-width: 1019px) 100vw, 1019px\" \/><\/figure>\n\n\n\n<figure class=\"wp-block-image size-large\"><img loading=\"lazy\" decoding=\"async\" width=\"1024\" height=\"743\" data-id=\"630\" src=\"http:\/\/museumsverein-korneuburg.at\/Wordpress\/wp-content\/uploads\/2023\/08\/Lehrwerkstaette-Schulungsraum-1-1024x743.jpeg\" alt=\"\" class=\"wp-image-630\" srcset=\"http:\/\/museumsverein-korneuburg.at\/Wordpress\/wp-content\/uploads\/2023\/08\/Lehrwerkstaette-Schulungsraum-1-1024x743.jpeg 1024w, http:\/\/museumsverein-korneuburg.at\/Wordpress\/wp-content\/uploads\/2023\/08\/Lehrwerkstaette-Schulungsraum-1-300x218.jpeg 300w, http:\/\/museumsverein-korneuburg.at\/Wordpress\/wp-content\/uploads\/2023\/08\/Lehrwerkstaette-Schulungsraum-1-768x557.jpeg 768w, http:\/\/museumsverein-korneuburg.at\/Wordpress\/wp-content\/uploads\/2023\/08\/Lehrwerkstaette-Schulungsraum-1-1536x1115.jpeg 1536w, http:\/\/museumsverein-korneuburg.at\/Wordpress\/wp-content\/uploads\/2023\/08\/Lehrwerkstaette-Schulungsraum-1.jpeg 1968w\" sizes=\"auto, (max-width: 1024px) 100vw, 1024px\" \/><\/figure>\n<\/figure>\n<\/div><\/div>\n\n\n\n<figure class=\"wp-block-gallery has-nested-images columns-default is-cropped wp-block-gallery-2 is-layout-flex wp-block-gallery-is-layout-flex\">\n<figure class=\"wp-block-image size-large\"><img loading=\"lazy\" decoding=\"async\" width=\"665\" height=\"240\" data-id=\"631\" src=\"http:\/\/museumsverein-korneuburg.at\/Wordpress\/wp-content\/uploads\/2023\/08\/UWK-Logo_bearb.jpg\" alt=\"\" class=\"wp-image-631\" style=\"aspect-ratio:1;object-fit:contain\" srcset=\"http:\/\/museumsverein-korneuburg.at\/Wordpress\/wp-content\/uploads\/2023\/08\/UWK-Logo_bearb.jpg 665w, http:\/\/museumsverein-korneuburg.at\/Wordpress\/wp-content\/uploads\/2023\/08\/UWK-Logo_bearb-300x108.jpg 300w\" sizes=\"auto, (max-width: 665px) 100vw, 665px\" \/><\/figure>\n\n\n\n<figure class=\"wp-block-image size-large is-resized\"><img loading=\"lazy\" decoding=\"async\" width=\"1024\" height=\"487\" data-id=\"632\" src=\"http:\/\/museumsverein-korneuburg.at\/Wordpress\/wp-content\/uploads\/2023\/08\/LOGO-Proj-Industriekultur-im-Dialog_ML_2023-1024x487.png\" alt=\"\" class=\"wp-image-632\" style=\"aspect-ratio:1;object-fit:contain;width:200px\" srcset=\"http:\/\/museumsverein-korneuburg.at\/Wordpress\/wp-content\/uploads\/2023\/08\/LOGO-Proj-Industriekultur-im-Dialog_ML_2023-1024x487.png 1024w, http:\/\/museumsverein-korneuburg.at\/Wordpress\/wp-content\/uploads\/2023\/08\/LOGO-Proj-Industriekultur-im-Dialog_ML_2023-300x143.png 300w, http:\/\/museumsverein-korneuburg.at\/Wordpress\/wp-content\/uploads\/2023\/08\/LOGO-Proj-Industriekultur-im-Dialog_ML_2023-768x365.png 768w, http:\/\/museumsverein-korneuburg.at\/Wordpress\/wp-content\/uploads\/2023\/08\/LOGO-Proj-Industriekultur-im-Dialog_ML_2023-1536x730.png 1536w, http:\/\/museumsverein-korneuburg.at\/Wordpress\/wp-content\/uploads\/2023\/08\/LOGO-Proj-Industriekultur-im-Dialog_ML_2023.png 1574w\" sizes=\"auto, (max-width: 1024px) 100vw, 1024px\" \/><\/figure>\n\n\n\n<figure class=\"wp-block-image size-large\"><img loading=\"lazy\" decoding=\"async\" width=\"797\" height=\"213\" data-id=\"635\" src=\"http:\/\/museumsverein-korneuburg.at\/Wordpress\/wp-content\/uploads\/2023\/08\/homepage_logo_head.png\" alt=\"\" class=\"wp-image-635\" style=\"aspect-ratio:1;object-fit:contain\" srcset=\"http:\/\/museumsverein-korneuburg.at\/Wordpress\/wp-content\/uploads\/2023\/08\/homepage_logo_head.png 797w, http:\/\/museumsverein-korneuburg.at\/Wordpress\/wp-content\/uploads\/2023\/08\/homepage_logo_head-300x80.png 300w, http:\/\/museumsverein-korneuburg.at\/Wordpress\/wp-content\/uploads\/2023\/08\/homepage_logo_head-768x205.png 768w\" sizes=\"auto, (max-width: 797px) 100vw, 797px\" \/><\/figure>\n<\/figure>\n\n\n\n<figure class=\"wp-block-image size-full\"><img loading=\"lazy\" decoding=\"async\" width=\"2560\" height=\"810\" src=\"http:\/\/museumsverein-korneuburg.at\/Wordpress\/wp-content\/uploads\/2023\/08\/GFF-Logoleiste-100Jahre-Calls-RZ-A0-quer-CMYK-4C-1-scaled.jpg\" alt=\"\" class=\"wp-image-634\" srcset=\"http:\/\/museumsverein-korneuburg.at\/Wordpress\/wp-content\/uploads\/2023\/08\/GFF-Logoleiste-100Jahre-Calls-RZ-A0-quer-CMYK-4C-1-scaled.jpg 2560w, http:\/\/museumsverein-korneuburg.at\/Wordpress\/wp-content\/uploads\/2023\/08\/GFF-Logoleiste-100Jahre-Calls-RZ-A0-quer-CMYK-4C-1-300x95.jpg 300w, http:\/\/museumsverein-korneuburg.at\/Wordpress\/wp-content\/uploads\/2023\/08\/GFF-Logoleiste-100Jahre-Calls-RZ-A0-quer-CMYK-4C-1-1024x324.jpg 1024w, http:\/\/museumsverein-korneuburg.at\/Wordpress\/wp-content\/uploads\/2023\/08\/GFF-Logoleiste-100Jahre-Calls-RZ-A0-quer-CMYK-4C-1-768x243.jpg 768w, http:\/\/museumsverein-korneuburg.at\/Wordpress\/wp-content\/uploads\/2023\/08\/GFF-Logoleiste-100Jahre-Calls-RZ-A0-quer-CMYK-4C-1-1536x486.jpg 1536w, http:\/\/museumsverein-korneuburg.at\/Wordpress\/wp-content\/uploads\/2023\/08\/GFF-Logoleiste-100Jahre-Calls-RZ-A0-quer-CMYK-4C-1-2048x648.jpg 2048w\" sizes=\"auto, (max-width: 2560px) 100vw, 2560px\" \/><\/figure>\n","protected":false},"excerpt":{"rendered":"<p>Sie haben Objekte, die mit der Lehrwerkst\u00e4tte der alten Schiffswerft Korneuburg in Verbindung stehen? Das Stadtmuseum Korneuburg hat nach der Schlie\u00dfung der Schiffswerft Korneuburg im Jahr 1993 gro\u00dfe Teile des Archivs \u00fcbernommen. Im Rahmen des neuen \u201e100 Jahre Nieder\u00f6sterreich\u201c-Projekts \u201eIndustriekultur im Dialog\u201c wird in Kooperation mit der Universit\u00e4t f\u00fcr Weiterbildung Krems nun ein besonderer Teil der Sammlung aufgearbeitet \u2013 die Objekte, Fotos und Dokumente der Lehrwerkst\u00e4tte. Hierf\u00fcr suchen wir noch Ihre Objekte und Ihre Geschichten! Wir freuen uns auf Hinweise auf weitere Objekte aller Art. Zum Beispiel Lehrwerkst\u00fccke, Werkstattwochenb\u00fccher, Lehrzeugnisse, Urkunden, Fotos und Einblicke in den Lehrlingsalltag, Werkzeug, wie Stockscheren, Ambosse, Zangen oder pers\u00f6nliche Erinnerungsst\u00fccke aus der Lehrzeit in der Werft. Die Objekte und Ihre Geschichten werden digital dokumentiert, in einigen F\u00e4llen ist eine Aufnahme in die Sammlung des Museums m\u00f6glich. Bitte nutzen Sie den Dokumentationsbogen auf unserer Website (untenstehend) und schicken Sie diesen an industriekultur@stadtmuseum-korneuburg.at oder kommen Sie an&hellip;<\/p>\n<p> <a class=\"more-link\" href=\"http:\/\/museumsverein-korneuburg.at\/Wordpress\/industriekultur-im-dialog\/\">Weiterlesen<\/a><\/p>\n","protected":false},"author":1,"featured_media":617,"parent":0,"menu_order":0,"comment_status":"closed","ping_status":"closed","template":"","meta":{"pgc_sgb_lightbox_settings":"","footnotes":""},"class_list":["post-624","page","type-page","status-publish","has-post-thumbnail"],"_links":{"self":[{"href":"http:\/\/museumsverein-korneuburg.at\/Wordpress\/wp-json\/wp\/v2\/pages\/624","targetHints":{"allow":["GET"]}}],"collection":[{"href":"http:\/\/museumsverein-korneuburg.at\/Wordpress\/wp-json\/wp\/v2\/pages"}],"about":[{"href":"http:\/\/museumsverein-korneuburg.at\/Wordpress\/wp-json\/wp\/v2\/types\/page"}],"author":[{"embeddable":true,"href":"http:\/\/museumsverein-korneuburg.at\/Wordpress\/wp-json\/wp\/v2\/users\/1"}],"replies":[{"embeddable":true,"href":"http:\/\/museumsverein-korneuburg.at\/Wordpress\/wp-json\/wp\/v2\/comments?post=624"}],"version-history":[{"count":12,"href":"http:\/\/museumsverein-korneuburg.at\/Wordpress\/wp-json\/wp\/v2\/pages\/624\/revisions"}],"predecessor-version":[{"id":714,"href":"http:\/\/museumsverein-korneuburg.at\/Wordpress\/wp-json\/wp\/v2\/pages\/624\/revisions\/714"}],"wp:featuredmedia":[{"embeddable":true,"href":"http:\/\/museumsverein-korneuburg.at\/Wordpress\/wp-json\/wp\/v2\/media\/617"}],"wp:attachment":[{"href":"http:\/\/museumsverein-korneuburg.at\/Wordpress\/wp-json\/wp\/v2\/media?parent=624"}],"curies":[{"name":"wp","href":"https:\/\/api.w.org\/{rel}","templated":true}]}}