{"id":6,"date":"2023-07-11T11:31:37","date_gmt":"2023-07-11T09:31:37","guid":{"rendered":"http:\/\/wp12263162.server-he.de\/Wordpress\/?page_id=6"},"modified":"2025-07-10T10:27:58","modified_gmt":"2025-07-10T08:27:58","slug":"ueber-uns","status":"publish","type":"page","link":"https:\/\/museumsverein-korneuburg.at\/Wordpress\/ueber-uns\/","title":{"rendered":"\u00dcber uns"},"content":{"rendered":"\n<p class=\"has-black-color has-text-color\" style=\"font-size:18px\">Der Museumsverein Korneuburg gestaltet und betreibt das Stadtmuseum. Der Verein ist unparteiisch und nicht auf Gewinn ausgerichtet. Wir bekennen uns zu den ICOM-Richtlinien f\u00fcr Museen und streben in unserer Arbeit an, der Definition eines Museums nach internationalen Kriterien zu entsprechen.<\/p>\n\n\n\n<div class=\"wp-block-media-text has-media-on-the-right is-stacked-on-mobile\" style=\"grid-template-columns:auto 30%\"><div class=\"wp-block-media-text__content\">\n<blockquote class=\"wp-block-quote has-black-color has-text-color is-layout-flow wp-block-quote-is-layout-flow\" style=\"font-size:18px\">\n<p class=\"has-text-color\" style=\"color:#006096\">&#8222;Ein&nbsp;<strong>Museum<\/strong>&nbsp;ist eine nicht gewinnorientierte, dauerhafte Institution im Dienst der Gesellschaft, die materielles und immaterielles Erbe erforscht, sammelt, bewahrt, interpretiert und ausstellt. \u00d6ffentlich zug\u00e4nglich, barrierefrei und inklusiv, f\u00f6rdern&nbsp;<strong>Museen<\/strong>&nbsp;Diversit\u00e4t und Nachhaltigkeit.<\/p>\n<cite><a href=\"http:\/\/icom-oesterreich.at\/news\/icom-museumsdefinition\">ICOM Museumsdefinition | ICOM (icom-oesterreich.at)<\/a><br>Intern. Museumsverband<\/cite><\/blockquote>\n<\/div><figure class=\"wp-block-media-text__media\"><img loading=\"lazy\" decoding=\"async\" width=\"790\" height=\"657\" src=\"http:\/\/wp12263162.server-he.de\/Wordpress\/wp-content\/uploads\/2023\/07\/Logo-MVK_klein_2021-02-07.png\" alt=\"\" class=\"wp-image-383 size-full\" srcset=\"https:\/\/museumsverein-korneuburg.at\/Wordpress\/wp-content\/uploads\/2023\/07\/Logo-MVK_klein_2021-02-07.png 790w, https:\/\/museumsverein-korneuburg.at\/Wordpress\/wp-content\/uploads\/2023\/07\/Logo-MVK_klein_2021-02-07-300x249.png 300w, https:\/\/museumsverein-korneuburg.at\/Wordpress\/wp-content\/uploads\/2023\/07\/Logo-MVK_klein_2021-02-07-768x639.png 768w\" sizes=\"auto, (max-width: 790px) 100vw, 790px\" \/><\/figure><\/div>\n\n\n\n<div style=\"height:10px\" aria-hidden=\"true\" class=\"wp-block-spacer\"><\/div>\n\n\n\n<p class=\"has-black-color has-text-color\" style=\"font-size:18px\">Die Stadtgemeinde Korneuburg ist Eigent\u00fcmerin des Stadtmuseums Korneuburg, des Geb\u00e4udes sowie eines Gro\u00dfteils der Sammlungen. Der Museumsverein arbeitet unentgeltlich und ehrenamtlich. Als Projekttr\u00e4ger und Kooperationspartner f\u00fcr Forschungs- und Kulturvermittlungsprojekte werden auch Mitarbeiterinnen und Mitarbeiter besch\u00e4ftigt, die sich oft \u00fcber weitere F\u00f6rdergeber finanzieren.<\/p>\n\n\n\n<p class=\"has-black-color has-text-color\" style=\"font-size:18px\">Das Stadtmuseum Korneuburg ist von regionaler Bedeutung. Der Auftrag des Museums ist die Sammlung, Ausstellung, Vermittlung, Forschung und Bewahrung der Geschichte der Stadt sowie deren wechselseitige Beeinflussung mit der Region. Die Hauptzielgruppe ist die Bev\u00f6lkerung Korneuburgs und der Umgebung, insbesondere Familien und Bildungseinrichtungen. Die geografische Lage und die daraus resultierende strategische Bedeutung verhalfen der Stadt seit dem Mittelalter zu wichtigen Privilegien. Diese waren Ausgangspunkt f\u00fcr eine langfristige wirtschaftliche Entwicklung. Die Industrialisierung ab dem 19. Jahrhundert, insbesondere der Blick auf die Schiffswerft Korneuburg, und deren Einfluss auf die Stadt bilden weitere Schwerpunkte der Museumsarbeit.<\/p>\n\n\n\n<div style=\"height:30px\" aria-hidden=\"true\" class=\"wp-block-spacer\"><\/div>\n\n\n\n<hr class=\"wp-block-separator has-alpha-channel-opacity\"\/>\n\n\n\n<div style=\"height:10px\" aria-hidden=\"true\" class=\"wp-block-spacer\"><\/div>\n\n\n\n<h2 class=\"wp-block-heading has-text-color\" style=\"color:#006096\">Unser Team<\/h2>\n\n\n\n<div style=\"height:20px\" aria-hidden=\"true\" class=\"wp-block-spacer\"><\/div>\n\n\n\n<h3 class=\"wp-block-heading has-text-color\" style=\"color:#289eb2\">Leitung <br>(Stadtgemeinde Korneuburg)<\/h3>\n\n\n\n<p><\/p>\n\n\n\n<p class=\"has-black-color has-text-color\" style=\"font-size:18px\">Mag.<sup>a<\/sup> Katja BRUNN, BA  <br>T +43 (0) 2262 770 421 <br>Katja.Brunn@korneuburg.gv.at <\/p>\n\n\n\n<p><\/p>\n\n\n\n<div class=\"wp-block-group is-nowrap is-layout-flex wp-container-core-group-is-layout-ad2f72ca wp-block-group-is-layout-flex\">\n<h3 class=\"wp-block-heading has-text-color\" style=\"color:#289eb2\">Vorstandsmitglieder<br>(Museumsverein Korneuburg) <\/h3>\n\n\n\n<div aria-hidden=\"true\" class=\"wp-block-spacer\"><\/div>\n<\/div>\n\n\n\n<p><\/p>\n\n\n\n<p class=\"has-black-color has-text-color\" style=\"font-size:18px\">Mag.<sup>a<\/sup> Melanie LOPIN, Obfrau<\/p>\n\n\n\n<p class=\"has-black-color has-text-color\" style=\"font-size:18px\">Mag. Rudolf BOGENSPERGER, Obfrau Stv.<\/p>\n\n\n\n<p class=\"has-black-color has-text-color\" style=\"font-size:18px\">Annemarie CIHLA-NEURAUTER, Kassierin<\/p>\n\n\n\n<p class=\"has-black-color has-text-color\" style=\"font-size:18px\">Susanne MEINDL, Schriftf\u00fchrerin<\/p>\n\n\n\n<div style=\"height:20px\" aria-hidden=\"true\" class=\"wp-block-spacer\"><\/div>\n\n\n\n<h3 class=\"wp-block-heading has-text-color\" style=\"color:#289eb2\">Kustodinnen und Kustoden <br>(Museumsverein Korneuburg)<\/h3>\n\n\n\n<p><\/p>\n\n\n\n<p class=\"has-black-color has-text-color\" style=\"font-size:18px\"><strong>Arch\u00e4ologie:<\/strong> Felix K\u00d6STELBAUER, MA<\/p>\n\n\n\n<p class=\"has-black-color has-text-color\" style=\"font-size:18px\"><strong>Archiv, Bibliothek und Neuzeit:<\/strong> Mag. Rudolf BOGENSPERGER<\/p>\n\n\n\n<p class=\"has-black-color has-text-color\" style=\"font-size:18px\"><strong>Donau, Auen und Schiffswerft:<\/strong> Ing. Otto PACHER, Ing. Reinhard SCHR\u00d6PFER<\/p>\n\n\n\n<p class=\"has-black-color has-text-color\" style=\"font-size:18px\"><strong>Sammlungsmanagement:<\/strong> Mag.<sup>a<\/sup> Melanie N. LOPIN<\/p>\n\n\n\n<p class=\"has-black-color has-text-color\" style=\"font-size:18px\"><strong>Synagoge und J\u00fcdische Geschichte:<\/strong> Mag. Klaus K\u00d6HLER<\/p>\n\n\n\n<p><\/p>\n","protected":false},"excerpt":{"rendered":"<p>Der Museumsverein Korneuburg gestaltet und betreibt das Stadtmuseum. Der Verein ist unparteiisch und nicht auf Gewinn ausgerichtet. Wir bekennen uns zu den ICOM-Richtlinien f\u00fcr Museen und streben in unserer Arbeit an, der Definition eines Museums nach internationalen Kriterien zu entsprechen. Die Stadtgemeinde Korneuburg ist Eigent\u00fcmerin des Stadtmuseums Korneuburg, des Geb\u00e4udes sowie eines Gro\u00dfteils der Sammlungen. Der Museumsverein arbeitet unentgeltlich und ehrenamtlich. Als Projekttr\u00e4ger und Kooperationspartner f\u00fcr Forschungs- und Kulturvermittlungsprojekte werden auch Mitarbeiterinnen und Mitarbeiter besch\u00e4ftigt, die sich oft \u00fcber weitere F\u00f6rdergeber finanzieren. Das Stadtmuseum Korneuburg ist von regionaler Bedeutung. Der Auftrag des Museums ist die Sammlung, Ausstellung, Vermittlung, Forschung und Bewahrung der Geschichte der Stadt sowie deren wechselseitige Beeinflussung mit der Region. Die Hauptzielgruppe ist die Bev\u00f6lkerung Korneuburgs und der Umgebung, insbesondere Familien und Bildungseinrichtungen. Die geografische Lage und die daraus resultierende strategische Bedeutung verhalfen der Stadt seit dem Mittelalter zu wichtigen Privilegien. Diese waren Ausgangspunkt f\u00fcr eine langfristige wirtschaftliche&hellip;<\/p>\n<p> <a class=\"more-link\" href=\"https:\/\/museumsverein-korneuburg.at\/Wordpress\/ueber-uns\/\">Weiterlesen<\/a><\/p>\n","protected":false},"author":1,"featured_media":111,"parent":0,"menu_order":0,"comment_status":"closed","ping_status":"closed","template":"","meta":{"pgc_sgb_lightbox_settings":"","footnotes":""},"class_list":["post-6","page","type-page","status-publish","has-post-thumbnail"],"_links":{"self":[{"href":"https:\/\/museumsverein-korneuburg.at\/Wordpress\/wp-json\/wp\/v2\/pages\/6","targetHints":{"allow":["GET"]}}],"collection":[{"href":"https:\/\/museumsverein-korneuburg.at\/Wordpress\/wp-json\/wp\/v2\/pages"}],"about":[{"href":"https:\/\/museumsverein-korneuburg.at\/Wordpress\/wp-json\/wp\/v2\/types\/page"}],"author":[{"embeddable":true,"href":"https:\/\/museumsverein-korneuburg.at\/Wordpress\/wp-json\/wp\/v2\/users\/1"}],"replies":[{"embeddable":true,"href":"https:\/\/museumsverein-korneuburg.at\/Wordpress\/wp-json\/wp\/v2\/comments?post=6"}],"version-history":[{"count":46,"href":"https:\/\/museumsverein-korneuburg.at\/Wordpress\/wp-json\/wp\/v2\/pages\/6\/revisions"}],"predecessor-version":[{"id":1078,"href":"https:\/\/museumsverein-korneuburg.at\/Wordpress\/wp-json\/wp\/v2\/pages\/6\/revisions\/1078"}],"wp:featuredmedia":[{"embeddable":true,"href":"https:\/\/museumsverein-korneuburg.at\/Wordpress\/wp-json\/wp\/v2\/media\/111"}],"wp:attachment":[{"href":"https:\/\/museumsverein-korneuburg.at\/Wordpress\/wp-json\/wp\/v2\/media?parent=6"}],"curies":[{"name":"wp","href":"https:\/\/api.w.org\/{rel}","templated":true}]}}